{"id":1237,"date":"2020-12-21T11:14:53","date_gmt":"2020-12-21T10:14:53","guid":{"rendered":"https:\/\/sherpas.lu\/page-d-exemple\/"},"modified":"2020-12-21T11:14:53","modified_gmt":"2020-12-21T10:14:53","slug":"page-d-exemple","status":"publish","type":"page","link":"https:\/\/sherpas.lu\/en\/page-d-exemple\/","title":{"rendered":"Page d\u2019exemple"},"content":{"rendered":"\n<p>Gouvernance<\/p>\n\n\n\n<ul><li>Relations Actionnaires<ul><li>Pacte d\u2019actionnaires<\/li><\/ul><ul><li>Charte de gouvernance familiale<\/li><\/ul><ul><li>Administrateur, Administrateur D\u00e9l\u00e9gu\u00e9<\/li><\/ul><ul><li>Communication p\u00e9riodique vers les actionnaires \/ investisseurs<\/li><\/ul><\/li><li>Corporate Secretary<ul><li>Cr\u00e9ation de soci\u00e9t\u00e9s<\/li><\/ul><ul><li>Recrutement d\u2019administrateurs ind\u00e9pendants<\/li><\/ul><ul><li>Organisation des Conseils, Assembl\u00e9es G\u00e9n\u00e9rales<\/li><\/ul><ul><li>Pr\u00e9paration des proc\u00e8s verbaux<\/li><\/ul><ul><li>D\u00e9p\u00f4ts r\u00e9glementaires<\/li><\/ul><\/li><li>Cr\u00e9ation et animation des comit\u00e9s du Conseil<ul><li>Comit\u00e9 d\u2019Investissement<\/li><\/ul><ul><li>Comit\u00e9 d\u2019audit<\/li><\/ul><ul><li>Comit\u00e9 Ethique<\/li><\/ul><ul><li>Comit\u00e9 des Nominations<\/li><\/ul><\/li><\/ul>\n\n\n\n<p>Sustainability<\/p>\n\n\n\n<ul><li>Fondations<ul><li>Cr\u00e9ation de fondation reconnue d\u2019utilit\u00e9 publique, abrit\u00e9e ou fonds de dotation<\/li><\/ul><ul><li>Cr\u00e9ation de programme pluriannuel d\u2019activit\u00e9<\/li><\/ul><ul><li>Cr\u00e9ation et pilotage de comit\u00e9 de s\u00e9lection de projets<\/li><\/ul><ul><li>Reportings et communication institutionnelle<\/li><\/ul><\/li><li>Corporate Social Responsability<ul><li>Bilan de situation et mise en place d\u2019un programme de Responsabilit\u00e9 Sociale d\u2019Entreprise<\/li><\/ul><ul><li>Formations &#8211; Sensibilisation<\/li><\/ul><ul><li>Monitoring et reporting<\/li><\/ul><\/li><li>ESG \u2013 pour fonds de Private Equity<ul><li>Due Diligence d\u2019acquisition et de cessions<\/li><\/ul><ul><li>Formation \u2013 sensibilisation des \u00e9quipes investissement<\/li><\/ul><ul><li>Monitoring et reporting du portefeuille<\/li><\/ul><ul><li>Reporting r\u00e9glementaire (nouveau)<\/li><\/ul><\/li><\/ul>\n\n\n\n<p>Corporate Finance<\/p>\n\n\n\n<ul><li>Financements<ul><li>Bancaires d\u2019investissements<\/li><\/ul><ul><li>Obligataires<\/li><\/ul><ul><li>Soci\u00e9t\u00e9 de gestion<\/li><\/ul><ul><li>Actionnariat \u00e9quipes investissement<\/li><\/ul><\/li><li>Reporting Holdings et fonds<ul><li>Comptabilit\u00e9<\/li><\/ul><ul><li>Gestion de tr\u00e9sorerie<\/li><\/ul><ul><li>Contr\u00f4le de gestion<\/li><\/ul><ul><li>Reportings r\u00e9glementaires et fiscaux (Luxembourg)<\/li><\/ul><\/li><\/ul>\n\n\n\n<p>Compliance<\/p>\n\n\n\n<ul><li>Formation \u2013 Veille r\u00e9glementaire sectorielle<\/li><li>Mise en place de proc\u00e9dures pour holdings et fonds<ul><li>KYC<\/li><\/ul><ul><li>AML<\/li><\/ul><ul><li>Reportings<\/li><\/ul><\/li><li>Service de Responsable du Contr\u00f4le (RC) pour Board de Fonds d\u2019investissement<\/li><li>Support- assistance en temps partag\u00e9<\/li><\/ul>\n","protected":false},"excerpt":{"rendered":"<p>Gouvernance Relations Actionnaires Pacte d\u2019actionnaires Charte de gouvernance familiale Administrateur, Administrateur D\u00e9l\u00e9gu\u00e9 Communication p\u00e9riodique vers les actionnaires \/ investisseurs Corporate Secretary Cr\u00e9ation de soci\u00e9t\u00e9s Recrutement d\u2019administrateurs ind\u00e9pendants Organisation des Conseils, Assembl\u00e9es G\u00e9n\u00e9rales Pr\u00e9paration des proc\u00e8s verbaux D\u00e9p\u00f4ts r\u00e9glementaires Cr\u00e9ation et animation des comit\u00e9s du Conseil Comit\u00e9 d\u2019Investissement Comit\u00e9 d\u2019audit Comit\u00e9 Ethique Comit\u00e9 des Nominations Sustainability [&hellip;]<\/p>\n","protected":false},"author":1,"featured_media":0,"parent":0,"menu_order":10,"comment_status":"closed","ping_status":"open","template":"","meta":{"footnotes":""},"yoast_head":"<!-- This site is optimized with the Yoast SEO plugin v21.2 - https:\/\/yoast.com\/wordpress\/plugins\/seo\/ -->\n<title>Page d\u2019exemple - SHERPAS<\/title>\n<meta name=\"robots\" content=\"index, follow, max-snippet:-1, max-image-preview:large, max-video-preview:-1\" \/>\n<link rel=\"canonical\" href=\"https:\/\/sherpas.lu\/en\/page-d-exemple\/\" \/>\n<meta property=\"og:locale\" content=\"en_US\" \/>\n<meta property=\"og:type\" content=\"article\" \/>\n<meta property=\"og:title\" content=\"Page d\u2019exemple - SHERPAS\" \/>\n<meta property=\"og:description\" content=\"Gouvernance Relations Actionnaires Pacte d\u2019actionnaires Charte de gouvernance familiale Administrateur, Administrateur D\u00e9l\u00e9gu\u00e9 Communication p\u00e9riodique vers les actionnaires \/ investisseurs Corporate Secretary Cr\u00e9ation de soci\u00e9t\u00e9s Recrutement d\u2019administrateurs ind\u00e9pendants Organisation des Conseils, Assembl\u00e9es G\u00e9n\u00e9rales Pr\u00e9paration des proc\u00e8s verbaux D\u00e9p\u00f4ts r\u00e9glementaires Cr\u00e9ation et animation des comit\u00e9s du Conseil Comit\u00e9 d\u2019Investissement Comit\u00e9 d\u2019audit Comit\u00e9 Ethique Comit\u00e9 des Nominations Sustainability [&hellip;]\" \/>\n<meta property=\"og:url\" content=\"https:\/\/sherpas.lu\/en\/page-d-exemple\/\" \/>\n<meta property=\"og:site_name\" content=\"SHERPAS\" \/>\n<meta name=\"twitter:card\" content=\"summary_large_image\" \/>\n<meta name=\"twitter:label1\" content=\"Est. reading time\" \/>\n\t<meta name=\"twitter:data1\" content=\"1 minute\" \/>\n<script type=\"application\/ld+json\" class=\"yoast-schema-graph\">{\"@context\":\"https:\/\/schema.org\",\"@graph\":[{\"@type\":\"WebPage\",\"@id\":\"https:\/\/sherpas.lu\/en\/page-d-exemple\/\",\"url\":\"https:\/\/sherpas.lu\/en\/page-d-exemple\/\",\"name\":\"Page d\u2019exemple - SHERPAS\",\"isPartOf\":{\"@id\":\"https:\/\/sherpas.lu\/#website\"},\"datePublished\":\"2020-12-21T10:14:53+00:00\",\"dateModified\":\"2020-12-21T10:14:53+00:00\",\"breadcrumb\":{\"@id\":\"https:\/\/sherpas.lu\/en\/page-d-exemple\/#breadcrumb\"},\"inLanguage\":\"en-US\",\"potentialAction\":[{\"@type\":\"ReadAction\",\"target\":[\"https:\/\/sherpas.lu\/en\/page-d-exemple\/\"]}]},{\"@type\":\"BreadcrumbList\",\"@id\":\"https:\/\/sherpas.lu\/en\/page-d-exemple\/#breadcrumb\",\"itemListElement\":[{\"@type\":\"ListItem\",\"position\":1,\"name\":\"Accueil\",\"item\":\"https:\/\/sherpas.lu\/en\/\"},{\"@type\":\"ListItem\",\"position\":2,\"name\":\"Page d\u2019exemple\"}]},{\"@type\":\"WebSite\",\"@id\":\"https:\/\/sherpas.lu\/#website\",\"url\":\"https:\/\/sherpas.lu\/\",\"name\":\"SHERPAS\",\"description\":\"Gouvernance &amp; Corporate Finance\",\"publisher\":{\"@id\":\"https:\/\/sherpas.lu\/#organization\"},\"potentialAction\":[{\"@type\":\"SearchAction\",\"target\":{\"@type\":\"EntryPoint\",\"urlTemplate\":\"https:\/\/sherpas.lu\/?s={search_term_string}\"},\"query-input\":\"required name=search_term_string\"}],\"inLanguage\":\"en-US\"},{\"@type\":\"Organization\",\"@id\":\"https:\/\/sherpas.lu\/#organization\",\"name\":\"SHERPAS\",\"url\":\"https:\/\/sherpas.lu\/\",\"logo\":{\"@type\":\"ImageObject\",\"inLanguage\":\"en-US\",\"@id\":\"https:\/\/sherpas.lu\/#\/schema\/logo\/image\/\",\"url\":\"https:\/\/sherpas.lu\/wp-content\/uploads\/2021\/01\/sherpas-reseaux-sociaux.jpg\",\"contentUrl\":\"https:\/\/sherpas.lu\/wp-content\/uploads\/2021\/01\/sherpas-reseaux-sociaux.jpg\",\"width\":885,\"height\":506,\"caption\":\"SHERPAS\"},\"image\":{\"@id\":\"https:\/\/sherpas.lu\/#\/schema\/logo\/image\/\"},\"sameAs\":[\"https:\/\/www.linkedin.com\/company\/sherpas-your-guides\/about\/\"]}]}<\/script>\n<!-- \/ Yoast SEO plugin. -->","yoast_head_json":{"title":"Page d\u2019exemple - SHERPAS","robots":{"index":"index","follow":"follow","max-snippet":"max-snippet:-1","max-image-preview":"max-image-preview:large","max-video-preview":"max-video-preview:-1"},"canonical":"https:\/\/sherpas.lu\/en\/page-d-exemple\/","og_locale":"en_US","og_type":"article","og_title":"Page d\u2019exemple - SHERPAS","og_description":"Gouvernance Relations Actionnaires Pacte d\u2019actionnaires Charte de gouvernance familiale Administrateur, Administrateur D\u00e9l\u00e9gu\u00e9 Communication p\u00e9riodique vers les actionnaires \/ investisseurs Corporate Secretary Cr\u00e9ation de soci\u00e9t\u00e9s Recrutement d\u2019administrateurs ind\u00e9pendants Organisation des Conseils, Assembl\u00e9es G\u00e9n\u00e9rales Pr\u00e9paration des proc\u00e8s verbaux D\u00e9p\u00f4ts r\u00e9glementaires Cr\u00e9ation et animation des comit\u00e9s du Conseil Comit\u00e9 d\u2019Investissement Comit\u00e9 d\u2019audit Comit\u00e9 Ethique Comit\u00e9 des Nominations Sustainability [&hellip;]","og_url":"https:\/\/sherpas.lu\/en\/page-d-exemple\/","og_site_name":"SHERPAS","twitter_card":"summary_large_image","twitter_misc":{"Est. reading time":"1 minute"},"schema":{"@context":"https:\/\/schema.org","@graph":[{"@type":"WebPage","@id":"https:\/\/sherpas.lu\/en\/page-d-exemple\/","url":"https:\/\/sherpas.lu\/en\/page-d-exemple\/","name":"Page d\u2019exemple - SHERPAS","isPartOf":{"@id":"https:\/\/sherpas.lu\/#website"},"datePublished":"2020-12-21T10:14:53+00:00","dateModified":"2020-12-21T10:14:53+00:00","breadcrumb":{"@id":"https:\/\/sherpas.lu\/en\/page-d-exemple\/#breadcrumb"},"inLanguage":"en-US","potentialAction":[{"@type":"ReadAction","target":["https:\/\/sherpas.lu\/en\/page-d-exemple\/"]}]},{"@type":"BreadcrumbList","@id":"https:\/\/sherpas.lu\/en\/page-d-exemple\/#breadcrumb","itemListElement":[{"@type":"ListItem","position":1,"name":"Accueil","item":"https:\/\/sherpas.lu\/en\/"},{"@type":"ListItem","position":2,"name":"Page d\u2019exemple"}]},{"@type":"WebSite","@id":"https:\/\/sherpas.lu\/#website","url":"https:\/\/sherpas.lu\/","name":"SHERPAS","description":"Gouvernance &amp; Corporate Finance","publisher":{"@id":"https:\/\/sherpas.lu\/#organization"},"potentialAction":[{"@type":"SearchAction","target":{"@type":"EntryPoint","urlTemplate":"https:\/\/sherpas.lu\/?s={search_term_string}"},"query-input":"required name=search_term_string"}],"inLanguage":"en-US"},{"@type":"Organization","@id":"https:\/\/sherpas.lu\/#organization","name":"SHERPAS","url":"https:\/\/sherpas.lu\/","logo":{"@type":"ImageObject","inLanguage":"en-US","@id":"https:\/\/sherpas.lu\/#\/schema\/logo\/image\/","url":"https:\/\/sherpas.lu\/wp-content\/uploads\/2021\/01\/sherpas-reseaux-sociaux.jpg","contentUrl":"https:\/\/sherpas.lu\/wp-content\/uploads\/2021\/01\/sherpas-reseaux-sociaux.jpg","width":885,"height":506,"caption":"SHERPAS"},"image":{"@id":"https:\/\/sherpas.lu\/#\/schema\/logo\/image\/"},"sameAs":["https:\/\/www.linkedin.com\/company\/sherpas-your-guides\/about\/"]}]}},"_links":{"self":[{"href":"https:\/\/sherpas.lu\/en\/wp-json\/wp\/v2\/pages\/1237"}],"collection":[{"href":"https:\/\/sherpas.lu\/en\/wp-json\/wp\/v2\/pages"}],"about":[{"href":"https:\/\/sherpas.lu\/en\/wp-json\/wp\/v2\/types\/page"}],"author":[{"embeddable":true,"href":"https:\/\/sherpas.lu\/en\/wp-json\/wp\/v2\/users\/1"}],"replies":[{"embeddable":true,"href":"https:\/\/sherpas.lu\/en\/wp-json\/wp\/v2\/comments?post=1237"}],"version-history":[{"count":0,"href":"https:\/\/sherpas.lu\/en\/wp-json\/wp\/v2\/pages\/1237\/revisions"}],"wp:attachment":[{"href":"https:\/\/sherpas.lu\/en\/wp-json\/wp\/v2\/media?parent=1237"}],"curies":[{"name":"wp","href":"https:\/\/api.w.org\/{rel}","templated":true}]}}